{"id":35,"date":"2010-10-05T14:54:26","date_gmt":"2010-10-05T12:54:26","guid":{"rendered":"http:\/\/wordpress.cp-werbeagentur.de\/produkte\/bau-universell\/"},"modified":"2016-11-14T18:57:29","modified_gmt":"2016-11-14T16:57:29","slug":"bau-universell","status":"publish","type":"page","link":"https:\/\/alurex.de\/en\/produkte\/bau-universell\/","title":{"rendered":"universal construction"},"content":{"rendered":"<p><\/p>\n<div id=\"product_frame\">\n<!-- PRODUCT START !--><\/p>\n<div class=\"leftpic\"><a class=\"fancyimg\" href=\"\/produktbilder\/35\/H75_big.png\" rel=\"lightbox-0\"><img loading=\"lazy\" src=\"\/produktbilder\/35\/H75.png\" alt=\"lifter and panel remover - H75\" title=\"lifter and panel remover - H75\" width=\"160\" height=\"160\"><\/a><\/div>\n<div class=\"righttext\">\n<h1>lifter and panel remover<\/h1>\n<h1><span class=\"txt_rot\">hardened spring steel<\/span><\/h1>\n<div style=\"height: 15px;\">&nbsp;<\/div>\n<p>oval grip handle, all-purpose for nail head up to \u00f8 14 mm for nail heads up to \u00f8 22 mm<\/p>\n<div style=\"height: 10px;\">&nbsp;<\/div>\n<div style=\"width: 90px; font-weight: bold; float: left; \"><!-- ARTIKELNUMMER !-->No. 028050<\/div>\n<div style=\"width: 80px; font-weight: normal; float: left;\"><!-- ARTIKEL BEZEICHNUNG !-->&#8220;H75&#8221;<\/div>\n<div style=\"width: 140px; font-weight: normal; float: left;\"><!-- GROESSE !-->&nbsp; <\/div>\n<div style=\"width: 70px; font-weight: normal; float: left;\"><!-- GEWICHT !-->5,1 kg<\/div>\n<div style=\"width: 70px; font-weight: normal; float: left;\"><!-- ST-G !-->&nbsp;<\/div>\n<div style=\"width: 400px; font-weight: normal; float: left;\"><!-- Zusatz !-->for nail heads up to \u00f8 14 mm<\/div>\n<div style=\"clear: both; font-size: 0.2em; height: 8px;\">&nbsp;<\/div>\n<div style=\"width: 90px; font-weight: bold; float: left; \"><!-- ARTIKELNUMMER !-->No. 028055<\/div>\n<div style=\"width: 80px; font-weight: normal; float: left;\"><!-- ARTIKEL BEZEICHNUNG !-->&#8220;H75S&#8221;<\/div>\n<div style=\"width: 140px; font-weight: normal; float: left;\"><!-- GROESSE !-->&nbsp; <\/div>\n<div style=\"width: 70px; font-weight: normal; float: left;\"><!-- GEWICHT !-->5,1 kg<\/div>\n<div style=\"width: 70px; font-weight: normal; float: left;\"><!-- ST-G !-->&nbsp;<\/div>\n<div style=\"width: 400px; font-weight: normal; float: left;\"><!-- Zusatz !-->for nail heads up to \u00f8 22 mm<\/div>\n<div style=\"clear: both; font-size: 0.2em; height: 8px;\">&nbsp;<\/div>\n<\/div>\n<div style=\"clear:both; height: 40px;\">&nbsp;<\/div>\n<p><!-- *** END *** !-->\n<\/div>\n<div id=\"product_frame\">\n<!-- PRODUCT START !--><\/p>\n<div class=\"leftpic\"><a class=\"fancyimg\" href=\"\/produktbilder\/35\/DS14_big.png\" rel=\"lightbox-1\"><img loading=\"lazy\" src=\"\/produktbilder\/35\/DS14.png\" alt=\"double spate - DS14\" title=\"double spate - DS14\" width=\"160\" height=\"160\"><\/a><\/div>\n<div class=\"righttext\">\n<h1>double spate<\/h1>\n<h1><span class=\"txt_rot\">hinged spate blades with handles<\/span><\/h1>\n<div style=\"height: 15px;\">&nbsp;<\/div>\n<div style=\"height: 10px;\">&nbsp;<\/div>\n<div style=\"width: 90px; font-weight: bold; float: left; \"><!-- ARTIKELNUMMER !-->No. 027320<\/div>\n<div style=\"width: 80px; font-weight: normal; float: left;\"><!-- ARTIKEL BEZEICHNUNG !-->&#8220;DS14&#8221;<\/div>\n<div style=\"width: 140px; font-weight: normal; float: left;\"><!-- GROESSE !-->&nbsp; length 127 cm<\/div>\n<div style=\"width: 70px; font-weight: normal; float: left;\"><!-- GEWICHT !-->4,2 kg<\/div>\n<div style=\"width: 70px; font-weight: normal; float: left;\"><!-- ST-G !-->&nbsp;<\/div>\n<div style=\"width: 400px; font-weight: normal; float: left;\"><!-- Zusatz !-->including extension<\/div>\n<div style=\"clear: both; font-size: 0.2em; height: 8px;\">&nbsp;<\/div>\n<\/div>\n<div style=\"clear:both; height: 40px;\">&nbsp;<\/div>\n<p><!-- *** END *** !-->\n<\/div>\n<div id=\"product_frame\">\n<!-- PRODUCT START !--><\/p>\n<div class=\"leftpic\"><a class=\"fancyimg\" href=\"\/produktbilder\/35\/DS12_big.png\" rel=\"lightbox-2\"><img loading=\"lazy\" src=\"\/produktbilder\/35\/DS12.png\" alt=\"double spate - DS12\" title=\"double spate - DS12\" width=\"160\" height=\"160\"><\/a><\/div>\n<div class=\"righttext\">\n<h1>double spate<\/h1>\n<h1><span class=\"txt_rot\">hinged spate blades with handles<\/span><\/h1>\n<div style=\"height: 15px;\">&nbsp;<\/div>\n<div style=\"height: 10px;\">&nbsp;<\/div>\n<div style=\"width: 90px; font-weight: bold; float: left; \"><!-- ARTIKELNUMMER !-->No. 027310<\/div>\n<div style=\"width: 80px; font-weight: normal; float: left;\"><!-- ARTIKEL BEZEICHNUNG !-->&#8220;DS12&#8221;<\/div>\n<div style=\"width: 140px; font-weight: normal; float: left;\"><!-- GROESSE !-->&nbsp; length 170 cm<\/div>\n<div style=\"width: 70px; font-weight: normal; float: left;\"><!-- GEWICHT !-->6,0 kg<\/div>\n<div style=\"width: 70px; font-weight: normal; float: left;\"><!-- ST-G !-->&nbsp;<\/div>\n<div style=\"width: 400px; font-weight: normal; float: left;\"><!-- Zusatz !-->including extension<\/div>\n<div style=\"clear: both; font-size: 0.2em; height: 8px;\">&nbsp;<\/div>\n<\/div>\n<div style=\"clear:both; height: 40px;\">&nbsp;<\/div>\n<p><!-- *** END *** !-->\n<\/div>\n<div id=\"product_frame\">\n<!-- PRODUCT START !--><\/p>\n<div class=\"leftpic\"><a class=\"fancyimg\" href=\"\/produktbilder\/35\/HB15_big.png\" rel=\"lightbox-3\"><img loading=\"lazy\" src=\"\/produktbilder\/35\/HB15.png\" alt=\"earth hand anger - HB15\" title=\"earth hand anger - HB15\" width=\"160\" height=\"160\"><\/a><\/div>\n<div class=\"righttext\">\n<h1>earth hand anger<\/h1>\n<h1><span class=\"txt_rot\">till depth of hole 80 cm<\/span><\/h1>\n<div style=\"height: 15px;\">&nbsp;<\/div>\n<p>hot-dip galvanized, basic version.<\/p>\n<div style=\"height: 10px;\">&nbsp;<\/div>\n<div style=\"width: 90px; font-weight: bold; float: left; \"><!-- ARTIKELNUMMER !-->No. 028110<\/div>\n<div style=\"width: 80px; font-weight: normal; float: left;\"><!-- ARTIKEL BEZEICHNUNG !-->&#8220;HB8&#8221;<\/div>\n<div style=\"width: 140px; font-weight: normal; float: left;\"><!-- GROESSE !-->&nbsp; \u00f8 8 cm<\/div>\n<div style=\"width: 70px; font-weight: normal; float: left;\"><!-- GEWICHT !-->2,2 kg<\/div>\n<div style=\"width: 70px; font-weight: normal; float: left;\"><!-- ST-G !-->&nbsp;<\/div>\n<div style=\"width: 90px; font-weight: bold; float: left; \"><!-- ARTIKELNUMMER !-->No. 028120<\/div>\n<div style=\"width: 80px; font-weight: normal; float: left;\"><!-- ARTIKEL BEZEICHNUNG !-->&#8220;HB10&#8221;<\/div>\n<div style=\"width: 140px; font-weight: normal; float: left;\"><!-- GROESSE !-->&nbsp; \u00f8 10 cm<\/div>\n<div style=\"width: 70px; font-weight: normal; float: left;\"><!-- GEWICHT !-->2,4 kg<\/div>\n<div style=\"width: 70px; font-weight: normal; float: left;\"><!-- ST-G !-->&nbsp;<\/div>\n<div style=\"width: 90px; font-weight: bold; float: left; \"><!-- ARTIKELNUMMER !-->No. 028130<\/div>\n<div style=\"width: 80px; font-weight: normal; float: left;\"><!-- ARTIKEL BEZEICHNUNG !-->&#8220;HB12&#8221;<\/div>\n<div style=\"width: 140px; font-weight: normal; float: left;\"><!-- GROESSE !-->&nbsp; \u00f8 12,5 cm<\/div>\n<div style=\"width: 70px; font-weight: normal; float: left;\"><!-- GEWICHT !-->2,9 kg<\/div>\n<div style=\"width: 70px; font-weight: normal; float: left;\"><!-- ST-G !-->&nbsp;<\/div>\n<div style=\"width: 90px; font-weight: bold; float: left; \"><!-- ARTIKELNUMMER !-->No. 028140<\/div>\n<div style=\"width: 80px; font-weight: normal; float: left;\"><!-- ARTIKEL BEZEICHNUNG !-->&#8220;HB15&#8221;<\/div>\n<div style=\"width: 140px; font-weight: normal; float: left;\"><!-- GROESSE !-->&nbsp; \u00f8 15 cm<\/div>\n<div style=\"width: 70px; font-weight: normal; float: left;\"><!-- GEWICHT !-->3,2 kg<\/div>\n<div style=\"width: 70px; font-weight: normal; float: left;\"><!-- ST-G !-->&nbsp;<\/div>\n<div style=\"width: 90px; font-weight: bold; float: left; \"><!-- ARTIKELNUMMER !-->No. 028150<\/div>\n<div style=\"width: 80px; font-weight: normal; float: left;\"><!-- ARTIKEL BEZEICHNUNG !-->&#8220;HB20&#8221;<\/div>\n<div style=\"width: 140px; font-weight: normal; float: left;\"><!-- GROESSE !-->&nbsp; \u00f8 20 cm<\/div>\n<div style=\"width: 70px; font-weight: normal; float: left;\"><!-- GEWICHT !-->3,7 kg<\/div>\n<div style=\"width: 70px; font-weight: normal; float: left;\"><!-- ST-G !-->&nbsp;<\/div>\n<div style=\"width: 90px; font-weight: bold; float: left; \"><!-- ARTIKELNUMMER !-->No. 028160<\/div>\n<div style=\"width: 80px; font-weight: normal; float: left;\"><!-- ARTIKEL BEZEICHNUNG !-->&#8220;HB25&#8221;<\/div>\n<div style=\"width: 140px; font-weight: normal; float: left;\"><!-- GROESSE !-->&nbsp; \u00f8 25 cm<\/div>\n<div style=\"width: 70px; font-weight: normal; float: left;\"><!-- GEWICHT !-->5,6 kg<\/div>\n<div style=\"width: 70px; font-weight: normal; float: left;\"><!-- ST-G !-->&nbsp;<\/div>\n<div style=\"width: 90px; font-weight: bold; float: left; \"><!-- ARTIKELNUMMER !-->No. 028170<\/div>\n<div style=\"width: 80px; font-weight: normal; float: left;\"><!-- ARTIKEL BEZEICHNUNG !-->&#8220;HB30&#8221;<\/div>\n<div style=\"width: 140px; font-weight: normal; float: left;\"><!-- GROESSE !-->&nbsp; \u00f8 30 cm<\/div>\n<div style=\"width: 70px; font-weight: normal; float: left;\"><!-- GEWICHT !-->7,0 kg<\/div>\n<div style=\"width: 70px; font-weight: normal; float: left;\"><!-- ST-G !-->&nbsp;<\/div>\n<\/div>\n<div style=\"clear:both; height: 40px;\">&nbsp;<\/div>\n<p><!-- *** END *** !-->\n<\/div>\n<div id=\"product_frame\">\n<!-- PRODUCT START !--><\/p>\n<div class=\"leftpic\"><a class=\"fancyimg\" href=\"\/produktbilder\/35\/HB15V_big.png\" rel=\"lightbox-4\"><img loading=\"lazy\" src=\"\/produktbilder\/35\/HB15V.png\" alt=\"earth hand anger - HB15V\" title=\"earth hand anger - HB15V\" width=\"160\" height=\"160\"><\/a><\/div>\n<div class=\"righttext\">\n<h1>earth hand anger<\/h1>\n<h1><span class=\"txt_rot\">depth of hole 150 cm<\/span><\/h1>\n<div style=\"height: 15px;\">&nbsp;<\/div>\n<p>including extension 70 cm, coated.<\/p>\n<div style=\"height: 10px;\">&nbsp;<\/div>\n<div style=\"width: 90px; font-weight: bold; float: left; \"><!-- ARTIKELNUMMER !-->No. 028111<\/div>\n<div style=\"width: 80px; font-weight: normal; float: left;\"><!-- ARTIKEL BEZEICHNUNG !-->&#8220;HB8V&#8221;<\/div>\n<div style=\"width: 140px; font-weight: normal; float: left;\"><!-- GROESSE !-->&nbsp; \u00f8 8 cm<\/div>\n<div style=\"width: 70px; font-weight: normal; float: left;\"><!-- GEWICHT !-->3,9 Kg<\/div>\n<div style=\"width: 70px; font-weight: normal; float: left;\"><!-- ST-G !-->&nbsp;<\/div>\n<div style=\"width: 90px; font-weight: bold; float: left; \"><!-- ARTIKELNUMMER !-->No. 028121<\/div>\n<div style=\"width: 80px; font-weight: normal; float: left;\"><!-- ARTIKEL BEZEICHNUNG !-->&#8220;HB10V&#8221;<\/div>\n<div style=\"width: 140px; font-weight: normal; float: left;\"><!-- GROESSE !-->&nbsp; \u00f8 10 cm<\/div>\n<div style=\"width: 70px; font-weight: normal; float: left;\"><!-- GEWICHT !-->4,1 kg<\/div>\n<div style=\"width: 70px; font-weight: normal; float: left;\"><!-- ST-G !-->&nbsp;<\/div>\n<div style=\"width: 90px; font-weight: bold; float: left; \"><!-- ARTIKELNUMMER !-->No. 028131<\/div>\n<div style=\"width: 80px; font-weight: normal; float: left;\"><!-- ARTIKEL BEZEICHNUNG !-->&#8220;HB12V&#8221;<\/div>\n<div style=\"width: 140px; font-weight: normal; float: left;\"><!-- GROESSE !-->&nbsp; \u00f8 12 cm<\/div>\n<div style=\"width: 70px; font-weight: normal; float: left;\"><!-- GEWICHT !-->5,0 kg<\/div>\n<div style=\"width: 70px; font-weight: normal; float: left;\"><!-- ST-G !-->&nbsp;<\/div>\n<div style=\"width: 90px; font-weight: bold; float: left; \"><!-- ARTIKELNUMMER !-->No. 028141<\/div>\n<div style=\"width: 80px; font-weight: normal; float: left;\"><!-- ARTIKEL BEZEICHNUNG !-->&#8220;HB15V&#8221;<\/div>\n<div style=\"width: 140px; font-weight: normal; float: left;\"><!-- GROESSE !-->&nbsp; \u00f8 15 cm<\/div>\n<div style=\"width: 70px; font-weight: normal; float: left;\"><!-- GEWICHT !-->5,3 kg<\/div>\n<div style=\"width: 70px; font-weight: normal; float: left;\"><!-- ST-G !-->&nbsp;<\/div>\n<div style=\"width: 90px; font-weight: bold; float: left; \"><!-- ARTIKELNUMMER !-->No. 028151<\/div>\n<div style=\"width: 80px; font-weight: normal; float: left;\"><!-- ARTIKEL BEZEICHNUNG !-->&#8220;HB20V&#8221;<\/div>\n<div style=\"width: 140px; font-weight: normal; float: left;\"><!-- GROESSE !-->&nbsp; \u00f8 20 cm<\/div>\n<div style=\"width: 70px; font-weight: normal; float: left;\"><!-- GEWICHT !-->5,7 kg<\/div>\n<div style=\"width: 70px; font-weight: normal; float: left;\"><!-- ST-G !-->&nbsp;<\/div>\n<div style=\"width: 90px; font-weight: bold; float: left; \"><!-- ARTIKELNUMMER !-->No. 028161<\/div>\n<div style=\"width: 80px; font-weight: normal; float: left;\"><!-- ARTIKEL BEZEICHNUNG !-->&#8220;HB25V&#8221;<\/div>\n<div style=\"width: 140px; font-weight: normal; float: left;\"><!-- GROESSE !-->&nbsp; \u00f8 25 cm<\/div>\n<div style=\"width: 70px; font-weight: normal; float: left;\"><!-- GEWICHT !-->8,8 kg<\/div>\n<div style=\"width: 70px; font-weight: normal; float: left;\"><!-- ST-G !-->&nbsp;<\/div>\n<div style=\"width: 90px; font-weight: bold; float: left; \"><!-- ARTIKELNUMMER !-->No. 028171<\/div>\n<div style=\"width: 80px; font-weight: normal; float: left;\"><!-- ARTIKEL BEZEICHNUNG !-->&#8220;HB30V&#8221;<\/div>\n<div style=\"width: 140px; font-weight: normal; float: left;\"><!-- GROESSE !-->&nbsp; \u00f8 30 cm<\/div>\n<div style=\"width: 70px; font-weight: normal; float: left;\"><!-- GEWICHT !-->11,75 kg<\/div>\n<div style=\"width: 70px; font-weight: normal; float: left;\"><!-- ST-G !-->&nbsp;<\/div>\n<\/div>\n<div style=\"clear:both; height: 40px;\">&nbsp;<\/div>\n<p><!-- *** END *** !-->\n<\/div>\n<div id=\"product_frame\">\n<!-- PRODUCT START !--><\/p>\n<div class=\"leftpic\"><a class=\"fancyimg\" href=\"\/produktbilder\/35\/ZV100_big.png\" rel=\"lightbox-5\"><img loading=\"lazy\" src=\"\/produktbilder\/35\/ZV100.png\" alt=\"additional extension - ZV100\" title=\"additional extension - ZV100\" width=\"160\" height=\"160\"><\/a><\/div>\n<div class=\"righttext\">\n<h1>additional extension<\/h1>\n<h1><span class=\"txt_rot\">additional 100 cm<\/span><\/h1>\n<div style=\"height: 15px;\">&nbsp;<\/div>\n<p>till hole depth 250 cm, coated.<\/p>\n<div style=\"height: 10px;\">&nbsp;<\/div>\n<div style=\"width: 90px; font-weight: bold; float: left; \"><!-- ARTIKELNUMMER !-->No. 028200<\/div>\n<div style=\"width: 80px; font-weight: normal; float: left;\"><!-- ARTIKEL BEZEICHNUNG !-->&#8220;ZV100\/18&#8221;<\/div>\n<div style=\"width: 140px; font-weight: normal; float: left;\"><!-- GROESSE !-->&nbsp; length 100 cm<\/div>\n<div style=\"width: 70px; font-weight: normal; float: left;\"><!-- GEWICHT !-->2,1 kg<\/div>\n<div style=\"width: 70px; font-weight: normal; float: left;\"><!-- ST-G !-->&nbsp;<\/div>\n<div style=\"width: 400px; font-weight: normal; float: left;\"><!-- Zusatz !-->for HB8V up to HB20V<\/div>\n<div style=\"clear: both; font-size: 0.2em; height: 8px;\">&nbsp;<\/div>\n<div style=\"width: 90px; font-weight: bold; float: left; \"><!-- ARTIKELNUMMER !-->No. 028202<\/div>\n<div style=\"width: 80px; font-weight: normal; float: left;\"><!-- ARTIKEL BEZEICHNUNG !-->&#8220;ZV100\/20&#8221;<\/div>\n<div style=\"width: 140px; font-weight: normal; float: left;\"<!-- GROESSE !-->&nbsp; length 100 cm<\/div>\n<div style=\"width: 70px; font-weight: normal; float: left;\"><!-- GEWICHT !-->2,6 kg<\/div>\n<div style=\"width: 70px; font-weight: normal; float: left;\"><!-- ST-G !-->&nbsp;<\/div>\n<div style=\"width: 400px; font-weight: normal; float: left;\"><!-- Zusatz !-->for HB25V up to HB30V<\/div>\n<div style=\"clear: both; font-size: 0.2em; height: 8px;\">&nbsp;<\/div>\n<\/div>\n<div style=\"clear:both; height: 40px;\">&nbsp;<\/div>\n<p><!-- *** END *** !-->\n<\/div>\n<div id=\"product_frame\">\n<!-- PRODUCT START !--><\/p>\n<div class=\"leftpic\"><a class=\"fancyimg\" href=\"\/produktbilder\/35\/ZV100_big.png\" rel=\"lightbox-5\"><img loading=\"lazy\" src=\"\/produktbilder\/35\/ZV100.png\" alt=\"additional extension - ZV100\" title=\"additional extension - ZV100\" width=\"160\" height=\"160\"><\/a><\/div>\n<div class=\"righttext\">\n<h1>additional extension<\/h1>\n<h1><span class=\"txt_rot\">additional 150 cm<\/span><\/h1>\n<div style=\"height: 15px;\">&nbsp;<\/div>\n<p>till hole depth 300 cm, coated.<\/p>\n<div style=\"height: 10px;\">&nbsp;<\/div>\n<div style=\"width: 90px; font-weight: bold; float: left; \"><!-- ARTIKELNUMMER !-->No. 028201<\/div>\n<div style=\"width: 80px; font-weight: normal; float: left;\"><!-- ARTIKEL BEZEICHNUNG !-->&#8220;ZV150\/18&#8221;<\/div>\n<div style=\"width: 140px; font-weight: normal; float: left;\"><!-- GROESSE !-->&nbsp; length 150 cm<\/div>\n<div style=\"width: 70px; font-weight: normal; float: left;\"><!-- GEWICHT !-->3,2 kg<\/div>\n<div style=\"width: 70px; font-weight: normal; float: left;\"><!-- ST-G !-->&nbsp;<\/div>\n<div style=\"width: 400px; font-weight: normal; float: left;\"><!-- Zusatz !-->for HB8V up to HB20V<\/div>\n<div style=\"clear: both; font-size: 0.2em; height: 8px;\">&nbsp;<\/div>\n<div style=\"width: 90px; font-weight: bold; float: left; \"><!-- ARTIKELNUMMER !-->No. 028203<\/div>\n<div style=\"width: 80px; font-weight: normal; float: left;\"><!-- ARTIKEL BEZEICHNUNG !-->&#8220;ZV150\/20&#8221;<\/div>\n<div style=\"width: 140px; font-weight: normal; float: left;\"><!-- GROESSE !-->&nbsp; length 150 cm<\/div>\n<div style=\"width: 70px; font-weight: normal; float: left;\"><!-- GEWICHT !-->3,8 kg<\/div>\n<div style=\"width: 70px; font-weight: normal; float: left;\"><!-- ST-G !-->&nbsp;<\/div>\n<div style=\"width: 400px; font-weight: normal; float: left;\"><!-- Zusatz !-->for HB25V up to HB30V<\/div>\n<div style=\"clear: both; font-size: 0.2em; height: 8px;\">&nbsp;<\/div>\n<\/div>\n<div style=\"clear:both; height: 40px;\">&nbsp;<\/div>\n<p><!-- *** END *** !-->\n<\/div>\n<p><\/p>","protected":false},"excerpt":{"rendered":"<p>lifter and panel remover hardened spring steel &nbsp; oval grip handle, all-purpose for nail head up to \u00f8 14 mm for nail heads up to \u00f8 22 mm &nbsp; No. 028050 &#8220;H75&#8221; &nbsp; 5,1 kg &nbsp; for nail heads up to \u00f8 14 mm &nbsp; No. 028055 &#8220;H75S&#8221; &nbsp; 5,1 kg &nbsp; for nail heads [&hellip;]<\/p>\n","protected":false},"author":1,"featured_media":0,"parent":27,"menu_order":3,"comment_status":"open","ping_status":"open","template":"","meta":[],"_links":{"self":[{"href":"https:\/\/alurex.de\/en\/wp-json\/wp\/v2\/pages\/35"}],"collection":[{"href":"https:\/\/alurex.de\/en\/wp-json\/wp\/v2\/pages"}],"about":[{"href":"https:\/\/alurex.de\/en\/wp-json\/wp\/v2\/types\/page"}],"author":[{"embeddable":true,"href":"https:\/\/alurex.de\/en\/wp-json\/wp\/v2\/users\/1"}],"replies":[{"embeddable":true,"href":"https:\/\/alurex.de\/en\/wp-json\/wp\/v2\/comments?post=35"}],"version-history":[{"count":11,"href":"https:\/\/alurex.de\/en\/wp-json\/wp\/v2\/pages\/35\/revisions"}],"predecessor-version":[{"id":934,"href":"https:\/\/alurex.de\/en\/wp-json\/wp\/v2\/pages\/35\/revisions\/934"}],"up":[{"embeddable":true,"href":"https:\/\/alurex.de\/en\/wp-json\/wp\/v2\/pages\/27"}],"wp:attachment":[{"href":"https:\/\/alurex.de\/en\/wp-json\/wp\/v2\/media?parent=35"}],"curies":[{"name":"wp","href":"https:\/\/api.w.org\/{rel}","templated":true}]}}