{"id":144,"date":"2010-11-05T13:30:41","date_gmt":"2010-11-05T11:30:41","guid":{"rendered":"http:\/\/wordpress.cp-werbeagentur.de\/?page_id=144"},"modified":"2023-10-02T09:45:08","modified_gmt":"2023-10-02T07:45:08","slug":"agb","status":"publish","type":"page","link":"https:\/\/alurex.de\/en\/agb\/","title":{"rendered":"AGB"},"content":{"rendered":"<p><\/p>\n<div>\n<p><strong>Allgemeine Lieferungs- und Zahlungsbedingungen (AGB)<\/strong><\/p>\n<p><strong>1. Allgemeines<\/strong><\/p>\n<p>1.1 S\u00e4mtliche Lieferungen, Leistungen und Verkaufsgesch\u00e4fte erfolgen zu den nachfolgend abgedruckten Bedingungen. Abweichende Bedingungen unseres Kunden (Abnehmer wie Anbieter) sind f\u00fcr uns nur verbindlich, wenn wir sie schriftlich anerkannt haben.<\/p>\n<p>1.2 Unsere Bedingungen gelten auch in laufender und k\u00fcnftiger Gesch\u00e4ftsverbindung, selbst wenn sie im Einzelfall nicht beigelegt sein sollten.<\/p>\n<p><strong>2. Angebot und Auftrag<\/strong><\/p>\n<p>2.1 Angebote sind freibleibend, Zwischenverkauf bleibt vorbehalten.<\/p>\n<p><strong>3. Preise und Zahlungsbedingungen<\/strong><\/p>\n<p>3.1 Die in Angeboten und Auftragsbest\u00e4tigungen genannten Preise sind freibleibend, sie schlie\u00dfen Porto, Versicherung und Umsatzsteuer nicht ein.<\/p>\n<p>3.2 Verkaufspreise gelten nur dann als Festpreise, wenn wir sie zusagen.<\/p>\n<p>3.3 Werden vereinbarte Zahlungsfristen \u00fcberschritten, k\u00f6nnen wir &#8211; ohne dass es einer besonderen Mahnung bedarf &#8211; Verzugszinsen in H\u00f6he der jeweiligen Bankzinsen und Bank- spesen f\u00fcr offene Gesch\u00e4ftskredite, mindestens jedoch in H\u00f6he von 4% \u00fcber dem jeweiligen Diskontsatz der Landeszentralbank berechnen. Weitergehende Anspr\u00fcche bleiben unber\u00fchrt.<\/p>\n<p>3.4 Alle durch versp\u00e4tete Zahlung verursachten Kosten, wie Mahnspesen, Inkassogeb\u00fchren usw. gehen zu Lasten unseres Kunden.<\/p>\n<p>3.5 Wechsel werden nur aufgrund ausdr\u00fccklicher Vereinbarung und nur zahlungshalber unter Berechnung der Diskontspesen und sonstiger Wechselkosten aufgenommen.<\/p>\n<p><strong>4. Lieferzeit<\/strong><\/p>\n<p>4.1 Die Lieferzeit beginnt mit dem Tage unserer Auftragsbest\u00e4tigung.<\/p>\n<p>4.2 Lieferzeiten gelten als nur ann\u00e4hernd vereinbart und verl\u00e4ngern sich um den Zeitraum, um den der Abnehmer mit seinen Verpflichtungen aus diesem oder einem anderen Auftrag in Verzug ist.<\/p>\n<p>4.3 Ersatzanspr\u00fcche wegen Verzugs sind nur zul\u00e4ssig, soweit die Verz\u00f6gerung von uns vors\u00e4tzlich oder grob fahrl\u00e4ssig zu vertreten ist.<\/p>\n<p><strong>5. Gefahr\u00fcbergang<\/strong><\/p>\n<p>5.1 Die Gefahr geht sp\u00e4testens mit der Absendung unserer Waren auf unseren Vertragspart- ner \u00fcber.<\/p>\n<p>5.2 Im Falle der R\u00fccksendung hat der Kunde die gleiche Versendungsform wie bei Zusen- dung zu w\u00e4hlen und die Ware ausreichend zu versichern. Dies gilt auch bei Versendung der Ware an einen vom K\u00e4ufer bestimmten Empf\u00e4nger.<\/p>\n<p><strong>6. Zugesicherte Eigenschaften &#8211; M\u00e4ngelr\u00fcgen<\/strong><\/p>\n<p>6.1 Die Zusicherung erforderter Eigenschaften muss im Einzelfall individuell und schriftlich festgelegt werden.<\/p>\n<p>6.2 Der Kunde ist verpflichtet, die ihm ausgeh\u00e4ndigten bzw. angelieferten Waren sofort zu untersuchen und erkennbare M\u00e4ngel, Fehlmengen oder Falschlieferungen binnen 5 Werktagen nach Lieferung, in jedem Fall aber vor Verarbeitung oder Einbau schriftlich anzuzeigen. Die Frist beginnt mit der \u00dcbergabe der Ware an den Kunden bzw. nach Eingang der Ware beim Kunden oder dem vom Kunden bestimmten Abnehmer.<\/p>\n<p><strong>7. M\u00e4ngelanspr\u00fcche<\/strong><\/p>\n<p>7.1 F\u00fcr M\u00e4ngel der Lieferung, zu denen auch das Fehlen ausdr\u00fccklich zugesicherter Eigen- schaften geh\u00f6rt, haften wir unter Ausschluss weiterer Anspr\u00fcche in der Weise, dass wir alle diejenigen Teile unentgeltlich nach unserem billigen Ermessen unterliegenden Wahl ausbes- sern oder neu liefern, die sich innerhalb von 12 Monaten seit Gefahren\u00fcbergang infolge eines vor dem Gefahren\u00fcbergang liegenden Umstandes, insbesondere wegen fehlerhafter Bauart, schlechter Baustoffe oder mangelnder Ausf\u00fchrung als unbrauchbar oder in ihrer Brauchbarkeit nicht unerheblich beeintr\u00e4chtigt herausstellen. Die Feststellung solcher M\u00e4ngel ist uns unverz\u00fcglich schriftlich mitzuteilen.<\/p>\n<p>7.2 Der Kunde hat bei der Geltendmachung von Gew\u00e4hrleistungsanspr\u00fcchen nachzuweisen, dass die M\u00e4ngel nicht durch Umst\u00e4nde verursacht wurden, die in seinem Gefahrenbereich liegen.<\/p>\n<p>7.3 Ersetzte Teile gehen in unser Eigentum \u00fcber, sie sind uns auf Verlangen frei Haus zur\u00fcckzusenden.<\/p>\n<p>7.4 F\u00fcr ungeeignetes oder unsachgem\u00e4\u00dfe Verwendung, fehlerhafte Montage bzw. Inbetrieb- setzung durch den Besteller oder Dritte, nat\u00fcrliche Abnutzung, fehlerhafte oder nachl\u00e4ssige Behandlung, ungeeignete Betriebsmittel, Austauschwerkstoffe, mangelhafte Bauarbeiten, chemische, elektrochemische oder elektrische Einfl\u00fcsse wird keine Gew\u00e4hr \u00fcbernommen, sofern sie nicht auf unser Verschulden zur\u00fcckzuf\u00fchren sind. Es wird keine Gew\u00e4hr f\u00fcr Sch\u00e4- den an Verschlei\u00dfteilen \u00fcbernommen.<\/p>\n<p>7.5 Durch etwa seitens des Bestellers oder Dritte unsachgem\u00e4\u00df ohne vorherige Genehmigung vorgenommene \u00c4nderung oder Instandsetzungsarbeiten, wird die Haftung f\u00fcr die daraus entstehenden Folgen aufgehoben.<\/p>\n<p>7.6 Wenn wir eine uns gestellte angemessene Nachfrist f\u00fcr die Ausbesserung oder Ersatzlie- ferung bez\u00fcglich eines von uns zu vertretenden Mangels durch unser Verschulden fruchtlos verstreichen lassen, kann der Besteller vom Vertrag zur\u00fccktreten. Das R\u00fccktrittsrecht des Bestellers besteht auch bei Unm\u00f6glichkeit oder bei Unverm\u00f6gen der Ausbesserung oder Ersatzlieferung durch uns.<\/p>\n<p>7.7 Bei unberechtigten M\u00e4ngelr\u00fcgen, die umfangreiche Nachpr\u00fcfungen verursachen, werden die Kosten der Pr\u00fcfung dem Besteller in Rechnung gestellt. Weitere Anspr\u00fcche des Bestellers gleich aus welchem Rechtsgrund, insbesondere ein Anspruch auf Ersatz von Sch\u00e4den, die nichtandemLiefergegenstandselbstentstandensind-auchausvorvertraglicherAufkl\u00e4rungs- und Sorgfaltspflicht &#8211; sind ausgeschlossen, soweit dies gesetzlich zul\u00e4ssig ist.<\/p>\n<p>7.8 Dieser Haftungsausschluss gilt nicht bei Vorsatz, bei grober Fahrl\u00e4ssigkeit des Inhabers oder leitender Angestellter sowie bei schuldhafter Verletzung wesentlicher Vertrag gepflichtet.<\/p>\n<p>7.9 Bei schuldhafter Verletzung wesentlicher Vertragspflichten haftet der Lieferant &#8211; au\u00dfer in den F\u00e4llen des Vorsatzes und der groben Fahrl\u00e4ssigkeit des Inhabers oder leitender Ange- stellter &#8211; nur f\u00fcr den vertragstypischen, vern\u00fcnftigerweise vorhersehbaren Schaden.<\/p>\n<p>7.10 Der Haftungsausschluss gilt ferner nicht in den F\u00e4llen, in denen nach Produkthaftungsge- setz bei Fehlern des Liefergegenstandes f\u00fcr Personen oder Sachsch\u00e4den an privat genutzten Gegenst\u00e4nden gehaftet wird. Er gilt auch nicht bei Fehlern von Eigenschaften, die ausdr\u00fccklich zugesichert sind, wenn die Zusicherung gerade bezweckt hat, den Besteller gegen Sch\u00e4den, die nicht am Liefergegenstand selbst entstanden sind, abzusichern.<\/p>\n<p>7.11 Von uns erbrachte Garantieleistungen f\u00fchren nicht zur Verl\u00e4ngerung der Garantiezeit. Im Zweifelsfall gilt &#8220;VDMA-Bedingungen f\u00fcr die Lieferung von Maschinen f\u00fcr Inlandsgesch\u00e4fte&#8221; in der aktuellen Fassung.<\/p>\n<p><strong>8. Verj\u00e4hrung<\/strong><\/p>\n<p>8.1 Alle Anspr\u00fcche des Bestellers &#8211; aus welchen Rechtsgr\u00fcnden auch immer &#8211; verj\u00e4hren in 12 Monaten, sofern gesetzlich nicht zwingend etwas anderes gilt.<\/p>\n<p><strong>9. Eigentumsvorbehalt<\/strong><\/p>\n<p>9.1 Die gelieferte Ware bleibt bis zur Bezahlung des Kaufpreises und Tilgung aller aus der Gesch\u00e4ftsverbindung bestehenden Forderungen und der im Zusammenhang mit dem Kaufge- genstand noch bestehenden Forderung als Vorbehaltsware unser Eigentum. Die Einstellung einzelner Forderungen in eine laufende Rechnung oder die Saldoziehung und deren Anerkennung heben den Eigentumsvorbehalt nicht auf.<\/p>\n<p>Wird im Zusammenhang mit der Bezahlung des Kaufpreises durch den Kunden eine wechsel- m\u00e4\u00dfige Haftung unsererseits begr\u00fcndet, so erlischt der Eigentumsvorbehalt nicht vor Einl\u00f6- sung des Wechsels durch den Kunden als Bezogenen. BeiZahlungsverzugdesKundensindwirzurR\u00fccknahmederVorbehaltswareberechtigtundder Kunde zur Herausgabe verpflichtet.<\/p>\n<p>9.2 Wird Vorbehaltsware vom Kunden allein oder zusammen mit uns nicht geh\u00f6render Ware ver\u00e4u\u00dfert, so tritt der Kunde schon jetzt die aus der Weiterver\u00e4u\u00dferung entstehenden Forde- rungeninH\u00f6hedesWertesderVorbehaltswaremitallenNebenrechtenundRangvordemRest ab, wir nehmen die Abtretung an.<\/p>\n<p>Der Wert der Vorbehaltsware ist unser Rechnungsbetrag zuz\u00fcglich eines Sicherungsaufschla- ges von 10 %, der jedoch au\u00dfer Ansatz bleibt, soweit ihm Rechte Dritter entgegenstehen.<\/p>\n<p>Wenn die weiterver\u00e4u\u00dferte Vorbehaltsware in unserem Miteigentum steht, so erstreckt sich die Abtretung der Forderung auf den Betrag, der unserem Anteilswert am Miteigentum entspricht. Absatz 1 Satz 2 gilt entsprechend f\u00fcr den verl\u00e4ngerten Eigentumsvorbehalt, die Vorausabtre- tung gem\u00e4\u00df Absatz 3 Satz 1 und 3 erstreckt sich auch auf die Saldoforderung.<\/p>\n<p>9.3 Der Kunde ist zur Weiterver\u00e4u\u00dferung, zur Verwendung oder zum Einbau der Vorbehaltsware nur im \u00fcblichen, ordnungsgem\u00e4\u00dfen Gesch\u00e4ftsgang und nur mit der Ma\u00dfnahme berechtigt und erm\u00e4chtigt, dass die Forderungen im Sinne von Absatz 3 auf uns tats\u00e4chlich \u00fcbergehen. Zu anderen Verf\u00fcgungen \u00fcber die Vorbehaltsware, insbesondere Verpf\u00e4ndung oder Siche- rungs\u00fcbereignung, ist der K\u00e4ufer nicht berechtigt.<\/p>\n<p>9.4 Wir erm\u00e4chtigen den Kunden widerruflich zur Einbeziehung der gem\u00e4\u00df Absatz 3 abge- tretenen Forderungen. Von der Einbeziehungsbefugnis werden wir so lange keinen Gebrauch machen, wie der Kunde einen Zahlungsverpflichtungen auch gegen\u00fcber Dritten nachkommt. Auf unser Verlangen hat der Kunde die Schuldner der abgetretenen Forderungen zu benennen und diesen die Abtretung anzuzeigen. Der Kunde erm\u00e4chtigt uns, die Abtretung auch selbst offenzulegen.<\/p>\n<p>Auf unser Verlangen hat der Kunde auch den Bestand der Vorbehaltsware uns gegen\u00fcber zu benennen.<\/p>\n<p>9.5 \u00dcber Zwangsvollstreckungsma\u00dfnahmen Dritter in die Vorbehaltsware oder in die abge- tretenen Forderungen hat der Kunde uns unverz\u00fcglich unter \u00dcbergabe der f\u00fcr den Widerspruch notwendigen Unterlagen zu unterrichten.<\/p>\n<p>Der Kunde hat den Dritten auf unsere Rechte hinzuweisen. Kosten und Sch\u00e4den tr\u00e4gt der Kunde.<\/p>\n<p>9.6 Mit Zahlungseinstellung, Beantragung oder Er\u00f6ffnung des Konkurses, eines gerichtlich oder au\u00dfergerichtlichen Vergleichsverfahrens erl\u00f6schen das Recht zur Weiterver\u00e4u\u00dferung, zur Verwendung oder zum Einbau der Vorbehaltsware und die Erm\u00e4chtigung zum Einzug der abgetretenen Forderung, bei einem Scheck- oder Wechselprotest erlischt die Einzugserm\u00e4ch- tigung ebenfalls.<\/p>\n<p>9.7 \u00dcbersteigt der Wert der einger\u00e4umten Sicherheiten die Forderungen um mehr als 20 %, so sind wir insoweit zur R\u00fcck\u00fcbertragung oder Freigabe nach unserer Wahl verpflichtet. Mit Tilgung aller unserer Forderungen aus der Gesch\u00e4ftsverbindung gehen das Eigentum an der Vorbehaltsware und die abgetretenen Forderungen auf den Kunden \u00fcber.<\/p>\n<p>9.8 In der Zur\u00fccknahme sowie der Pf\u00e4ndung der Vorbehaltsware durch uns liegt &#8211; soweit nicht das Abzahlungsgesetz Anwendung findet &#8211; kein R\u00fccktritt vom Vertrag.<\/p>\n<p><strong>10. Schutzrechte<\/strong><\/p>\n<p>10.1 Von uns hergestellte Werke (Muster, Entw\u00fcrfe, Zeichnungen, Pl\u00e4ne, Bedienungsanleitun- gen u.\u00e4.) bleiben, auch wenn sie vom Kunden anteilig bezahlt wurden, in unserem uneinge- schr\u00e4nkten Eigentum. Unsere Verf\u00fcgungs- und Nutzungsrechte bleiben bestehen. Die vorgenannten Gegenst\u00e4nde d\u00fcrfen ohne unsere Einwilligung Dritten nicht zug\u00e4nglich gemacht, deren Inhalt nicht mitgeteilt werden. Kopien oder Nachbildungen obiger Gegenst\u00e4nde d\u00fcrfen nur mit unserer ausdr\u00fccklichen Einwilligung hergestellt werden. Sie werden in jedem Fall sofort uns zu Eigentum \u00fcbertragen.<\/p>\n<p>10.2 Werden die Verpflichtungen unter Ziff. 10.1 verletzt, so ist uns s\u00e4mtlicher, daraus entstehender Schaden zu ersetzen.<\/p>\n<p>10.3 Verbesserungen oder Vorschl\u00e4ge dazu, die im Zusammenhang mit der Ausf\u00fchrung unserer Auftr\u00e4ge m\u00f6glich erscheinen, sind uns alsbald vom Kunden mitzuteilen.<\/p>\n<p>Ausschlie\u00dflich wir haben das Recht, diese Verbesserungen patentrechtlich oder im Rahmen anderer Schutzrechte auszuwerten.<\/p>\n<p>10.4 Sofern wir nach vom Kunden \u00fcbergebenen Zeichnungen und Unterlagen Waren herstellen oder liefern, \u00fcbernimmt der Kunde die Gew\u00e4hr daf\u00fcr, dass gewerbliche Schutzrechte und Urheberrechte Dritter nicht verletzt werden. Untersagen uns Dritte unter Berufung auf solche Schutzrecht insbesondere die Herstellung und Lieferung, so sind wir, ohne Pr\u00fcfung der Rechtslage, berechtigt, sofort jede weitere T\u00e4tigkeit einzustellen und Schadensersatz vom Kunden zu verlangen. Der Kunde verpflichtet sich, uns von allen damit in Zusammenhang stehenden Anspr\u00fcchen Dritter wegen Verletzung von Schutzrechten unverz\u00fcglich freizustellen.<\/p>\n<p>10.5 Der Kunde verpflichtet sich, nach Abwicklung des Auftrages alle ihm unter Ziff. 11.1 genannten Unterlagen zur\u00fcckzusenden.<\/p>\n<p><strong>11. Aufrechnung, Zur\u00fcckbehaltungsrecht<\/strong><\/p>\n<p>11.1 Der Kunde hat ein Aufrechnungsrecht nur dann, wenn die Gegenanspr\u00fcche an uns sowohl dem Grunde als auch der H\u00f6he nach unstreitig oder rechtskr\u00e4ftig festgestellt sind.<\/p>\n<p>11.2 Der Kunde verzichtet auf die Geltendmachung eines Zur\u00fcckbehaltungsrechtes aus fr\u00fcheren oder anderen Gesch\u00e4ften der laufenden Gesch\u00e4ftsverbindung.<\/p>\n<p><strong>12. Erf\u00fcllungsort, Gerichtsstand, anzuwendendes Recht<\/strong><\/p>\n<p>12.1 Durch die widerspruchslose Entgegennahme dieses Formulars mit unseren Verkaufs-, Lieferungs- und Zahlungsbedingungen best\u00e4tigt der Kunde, dass er Vollkaufmann i.S.d. \u00a7 1 HGB ist und sein unwiderrufliches Einverst\u00e4ndnis mit nachstehenden Bestimmungen \u00fcber Erf\u00fcllungsort und Gerichtsstand.<\/p>\n<p>a) Erf\u00fcllungsort ist f\u00fcr beide Teile ausschlie\u00dflich 76359 Marxzell-Pfaffenrot.<\/p>\n<p>b) Gerichtsstand f\u00fcr alle sich aus dem Vertragsverh\u00e4ltnis sowie \u00fcber sein Entstehen und \u00fcber seine Wirksamkeit ergebenden Rechtsstreitigkeiten, auch f\u00fcr Wechsel- und Scheckklagen, ist f\u00fcr beide Teile ausschlie\u00dflich 76275 Ettlingen.<\/p>\n<p>12.2 Das Vertragsverh\u00e4ltnis unterliegt f\u00fcr beide Teile ausschlie\u00dflich deutschem Recht.<\/p>\n<p><strong>13.Widerrufsbelehrung<\/strong><\/p>\n<p><strong>1. Nicht gewerblichen Abnehmern steht ein Widerrufs recht zu.<\/strong><\/p>\n<p><strong>Sie k\u00f6nnen Ihre auf den Abschluss des Vertrages gerichtete Willenserkl\u00e4rung innerhalb von 14 Tagen ohne Angabe von Gr\u00fcnden in Textform (z. B. Brief, Fax, E-Mail) oder durch R\u00fccksendung der Sache widerrufen. Die Frist beginnt fr\u00fchestens nach Erhalt dieser Belehrung. Zur Wahrung der Widerrufsfrist gen\u00fcgt die rechtzeitige Absendung des Widerrufs oder der Sache. Der Widerruf ist zu richten an: alurex GmbH . Zur Ziegelh\u00fctte 6 . 76359 Marxzell-Paffenrot. Das Widerrufsrecht ist ausgeschlossen bei Waren, die nach speziellen W\u00fcnschen des Kunden.gefertigt.wurden.<\/strong><\/p>\n<p><strong>2. Widerrufsfolgen<\/strong><\/p>\n<p><strong>Im Falle eines wirksamen Widerrufs sind die beiderseits empfangenen Leistungen zur\u00fcckzugew\u00e4hren und ggf. gezogene Nutzungen (z. B. Zinsen) herauszugeben. Bitte teilen Sie uns hierzu \u2013 sofern uns noch nicht vorliegend \u2013 eine g\u00fcltige Bankverbindung mit. K\u00f6nnen Sie uns die empfangene Leistung ganz oder teilweise nicht oder nur in verschlechtertem Zustand zur\u00fcckgew\u00e4hren, m\u00fcssen Sie uns insoweit ggf. Wertersatz leisten. Bei der \u00dcberlassung von Sachen gilt dies nicht, wenn die Verschlechterung der Sache ausschlie\u00dflich auf deren Pr\u00fcfung \u2013 wie sie Ihnen etwa im Ladengesch\u00e4ft m\u00f6glich gewesen w\u00e4re \u2013 zur\u00fcckzuf\u00fchren ist. Im \u00dcbrigen k\u00f6nnen Sie die Pflicht zum Wertersatz f\u00fcr eine durch die bestimmungsgem\u00e4\u00dfe Ingebrauchnahme der Sache entstandene Verschlechterung vermeiden, indem Sie die Sache nicht wie Ihr Eigentum in Gebrauch nehmen und alles unterlassen, was deren Wert beeintr\u00e4chtigt. Paketversandf\u00e4hige Sachen sind auf unserer Gefahr zur\u00fcckzusenden. Sie haben die Kosten der R\u00fccksendung zu tragen, wenn die gelieferte Ware der bestellten entspricht und wenn der Preis der zur\u00fcckzusendenden Sache einen Betrag von 40 EUR nicht \u00fcbersteigt oder wenn Sie bei einem h\u00f6heren Preis der Sache zum Zeitpunkt des Widerrufs noch nicht die Gegenleistung oder eine vertraglich vereinbarte Teilzahlung erbracht haben. Anderenfalls ist die R\u00fccksendung f\u00fcr Sie kostenfrei. Verpflichtungen zur Erstattung von Zahlungen m\u00fcssen innerhalb von 30 Tagen erf\u00fcllt werden. Die Frist beginnt f\u00fcr Sie mit der Absendung Ihrer Widerrufserkl\u00e4rung oder der Sache, f\u00fcr uns mit deren Empfang. Ende der Widerrufsbelehrung.<\/strong><\/p>\n<\/div>\n<p><\/p>","protected":false},"excerpt":{"rendered":"<p>Allgemeine Lieferungs- und Zahlungsbedingungen (AGB) 1. Allgemeines 1.1 S\u00e4mtliche Lieferungen, Leistungen und Verkaufsgesch\u00e4fte erfolgen zu den nachfolgend abgedruckten Bedingungen. Abweichende Bedingungen unseres Kunden (Abnehmer wie Anbieter) sind f\u00fcr uns nur verbindlich, wenn wir sie schriftlich anerkannt haben. 1.2 Unsere Bedingungen gelten auch in laufender und k\u00fcnftiger Gesch\u00e4ftsverbindung, selbst wenn sie im Einzelfall nicht beigelegt sein [&hellip;]<\/p>\n","protected":false},"author":1,"featured_media":0,"parent":0,"menu_order":90,"comment_status":"closed","ping_status":"closed","template":"","meta":[],"_links":{"self":[{"href":"https:\/\/alurex.de\/en\/wp-json\/wp\/v2\/pages\/144"}],"collection":[{"href":"https:\/\/alurex.de\/en\/wp-json\/wp\/v2\/pages"}],"about":[{"href":"https:\/\/alurex.de\/en\/wp-json\/wp\/v2\/types\/page"}],"author":[{"embeddable":true,"href":"https:\/\/alurex.de\/en\/wp-json\/wp\/v2\/users\/1"}],"replies":[{"embeddable":true,"href":"https:\/\/alurex.de\/en\/wp-json\/wp\/v2\/comments?post=144"}],"version-history":[{"count":24,"href":"https:\/\/alurex.de\/en\/wp-json\/wp\/v2\/pages\/144\/revisions"}],"predecessor-version":[{"id":1294,"href":"https:\/\/alurex.de\/en\/wp-json\/wp\/v2\/pages\/144\/revisions\/1294"}],"wp:attachment":[{"href":"https:\/\/alurex.de\/en\/wp-json\/wp\/v2\/media?parent=144"}],"curies":[{"name":"wp","href":"https:\/\/api.w.org\/{rel}","templated":true}]}}